{"id":828,"date":"2017-02-14T18:30:24","date_gmt":"2017-02-14T17:30:24","guid":{"rendered":"http:\/\/www.blaschke1.at\/stammtisch\/?page_id=828"},"modified":"2017-02-14T17:34:56","modified_gmt":"2017-02-14T16:34:56","slug":"18-stammtisch","status":"publish","type":"page","link":"http:\/\/www.blaschke1.at\/stammtisch\/?page_id=828","title":{"rendered":"19. Stammtisch"},"content":{"rendered":"<div align=\"center\">\n<h4 style=\"text-align: left;\"><strong><a href=\"http:\/\/www.blaschke1.at\/stammtisch\/wp-content\/uploads\/2015\/04\/109-External-128.png\"><img loading=\"lazy\" decoding=\"async\" class=\"alignnone wp-image-417\" src=\"http:\/\/www.blaschke1.at\/stammtisch\/wp-content\/uploads\/2015\/04\/109-External-128.png\" alt=\"109-External-128\" width=\"62\" height=\"62\" srcset=\"http:\/\/www.blaschke1.at\/stammtisch\/wp-content\/uploads\/2015\/04\/109-External-128.png 128w, http:\/\/www.blaschke1.at\/stammtisch\/wp-content\/uploads\/2015\/04\/109-External-128-96x96.png 96w, http:\/\/www.blaschke1.at\/stammtisch\/wp-content\/uploads\/2015\/04\/109-External-128-24x24.png 24w, http:\/\/www.blaschke1.at\/stammtisch\/wp-content\/uploads\/2015\/04\/109-External-128-36x36.png 36w, http:\/\/www.blaschke1.at\/stammtisch\/wp-content\/uploads\/2015\/04\/109-External-128-48x48.png 48w, http:\/\/www.blaschke1.at\/stammtisch\/wp-content\/uploads\/2015\/04\/109-External-128-64x64.png 64w\" sizes=\"auto, (max-width: 62px) 100vw, 62px\" \/><\/a>\u00a0\u00a0Links f\u00fcr den 19. Stammtisch (14.2.2017)<\/strong><\/h4>\n<table style=\"width: 400px;\" cellspacing=\"3\" cellpadding=\"3\">\n<tbody>\n<tr style=\"height: 24px;\">\n<td style=\"height: 24px;\">Pr\u00e4sentation 19. Stammtisch<\/td>\n<td style=\"height: 24px;\"><a href=\"https:\/\/goo.gl\/xQ6eVT\" target=\"_blank\">https:\/\/goo.gl\/xQ6eVT<\/a><\/td>\n<\/tr>\n<tr style=\"height: 1px;\">\n<td style=\"height: 1px; background-color: #f2f2f2; text-align: right;\"><\/td>\n<td style=\"height: 1px; background-color: #f2f2f2;\"><\/td>\n<\/tr>\n<tr style=\"height: 24px;\">\n<td style=\"height: 24px; text-align: left;\">Tabellenkalkulation<\/td>\n<td style=\"height: 24px;\"><\/td>\n<\/tr>\n<tr style=\"height: 24px;\">\n<td style=\"text-align: right; height: 24px;\">\u00dcbung 1<\/td>\n<td style=\"height: 24px;\"><a href=\"http:\/\/www.blaschke1.at\/stammtisch\/wp-content\/uploads\/2017\/01\/\u00fcbung-excel-01.pdf\" target=\"_blank\">PDF<\/a><\/td>\n<\/tr>\n<tr style=\"height: 24px;\">\n<td style=\"text-align: right; height: 24px;\">\u00dcbung 2<\/td>\n<td style=\"height: 24px;\"><a href=\"http:\/\/www.blaschke1.at\/stammtisch\/wp-content\/uploads\/2017\/01\/\u00fcbung-excel-02.pdf\" target=\"_blank\">PDF<\/a><\/td>\n<\/tr>\n<tr style=\"height: 24px;\">\n<td style=\"text-align: right; height: 24px;\">\u00dcbung 3<\/td>\n<td style=\"height: 24px;\"><a href=\"http:\/\/www.blaschke1.at\/stammtisch\/wp-content\/uploads\/2017\/01\/\u00fcbung-excel-03.pdf\" target=\"_blank\">PDF<\/a><\/td>\n<\/tr>\n<tr style=\"height: 24px;\">\n<td style=\"text-align: right; height: 24px;\">\u00dcbung 4<\/td>\n<td style=\"height: 24px;\"><a href=\"http:\/\/www.blaschke1.at\/stammtisch\/wp-content\/uploads\/2017\/01\/\u00fcbung-excel-04.pdf\" target=\"_blank\">PDF<\/a><\/td>\n<\/tr>\n<tr style=\"height: 1px;\">\n<td style=\"height: 1px; background-color: #f2f2f2; text-align: right;\"><\/td>\n<td style=\"height: 1px; background-color: #f2f2f2;\"><\/td>\n<\/tr>\n<tr style=\"height: 24px;\">\n<td style=\"height: 24px; text-align: left;\">Programmieren<\/td>\n<td style=\"height: 24px;\"><\/td>\n<\/tr>\n<tr style=\"height: 24px;\">\n<td style=\"text-align: right; height: 24px;\">Scratch in 5 Minuten<\/td>\n<td style=\"height: 24px;\"><a href=\"https:\/\/goo.gl\/Si2wQp\" target=\"_blank\">https:\/\/goo.gl\/Si2wQp<\/a><\/td>\n<\/tr>\n<tr style=\"height: 1px;\">\n<td style=\"height: 1px; background-color: #f2f2f2; text-align: right;\"><\/td>\n<td style=\"height: 1px; background-color: #f2f2f2;\"><\/td>\n<\/tr>\n<tr style=\"height: 24px;\">\n<td style=\"height: 24px; text-align: left;\">Fundst\u00fcck<\/td>\n<td style=\"height: 24px;\"><\/td>\n<\/tr>\n<tr style=\"height: 24px;\">\n<td style=\"text-align: right; height: 24px;\">Photoautomat<\/td>\n<td style=\"height: 24px;\"><a href=\"https:\/\/goo.gl\/Ja8xZA\" target=\"_blank\">https:\/\/goo.gl\/Ja8xZA<\/a><\/td>\n<\/tr>\n<\/tbody>\n<\/table>\n<\/div>\n","protected":false},"excerpt":{"rendered":"<p>\u00a0\u00a0Links f\u00fcr den 19. Stammtisch (14.2.2017) Pr\u00e4sentation 19. Stammtisch https:\/\/goo.gl\/xQ6eVT Tabellenkalkulation \u00dcbung 1 PDF \u00dcbung 2 PDF \u00dcbung 3 PDF \u00dcbung 4 PDF Programmieren Scratch in 5 Minuten https:\/\/goo.gl\/Si2wQp Fundst\u00fcck Photoautomat https:\/\/goo.gl\/Ja8xZA<\/p>\n","protected":false},"author":1,"featured_media":0,"parent":0,"menu_order":0,"comment_status":"closed","ping_status":"closed","template":"","meta":{"footnotes":""},"class_list":["post-828","page","type-page","status-publish","hentry","post-seq-1","post-parity-odd","meta-position-corners","fix"],"_links":{"self":[{"href":"http:\/\/www.blaschke1.at\/stammtisch\/index.php?rest_route=\/wp\/v2\/pages\/828","targetHints":{"allow":["GET"]}}],"collection":[{"href":"http:\/\/www.blaschke1.at\/stammtisch\/index.php?rest_route=\/wp\/v2\/pages"}],"about":[{"href":"http:\/\/www.blaschke1.at\/stammtisch\/index.php?rest_route=\/wp\/v2\/types\/page"}],"author":[{"embeddable":true,"href":"http:\/\/www.blaschke1.at\/stammtisch\/index.php?rest_route=\/wp\/v2\/users\/1"}],"replies":[{"embeddable":true,"href":"http:\/\/www.blaschke1.at\/stammtisch\/index.php?rest_route=%2Fwp%2Fv2%2Fcomments&post=828"}],"version-history":[{"count":11,"href":"http:\/\/www.blaschke1.at\/stammtisch\/index.php?rest_route=\/wp\/v2\/pages\/828\/revisions"}],"predecessor-version":[{"id":859,"href":"http:\/\/www.blaschke1.at\/stammtisch\/index.php?rest_route=\/wp\/v2\/pages\/828\/revisions\/859"}],"wp:attachment":[{"href":"http:\/\/www.blaschke1.at\/stammtisch\/index.php?rest_route=%2Fwp%2Fv2%2Fmedia&parent=828"}],"curies":[{"name":"wp","href":"https:\/\/api.w.org\/{rel}","templated":true}]}}